{"id":163,"date":"2026-03-18T12:03:36","date_gmt":"2026-03-18T11:03:36","guid":{"rendered":"https:\/\/clk-udlejning.dk\/?post_type=product&#038;p=163"},"modified":"2026-03-22T18:54:20","modified_gmt":"2026-03-22T17:54:20","slug":"afrettersaet","status":"publish","type":"product","link":"https:\/\/clk-udlejning.dk\/index.php\/vare\/afrettersaet\/","title":{"rendered":"Afretters\u00e6t"},"content":{"rendered":"<h3 data-section-id=\"19p2lmv\" data-start=\"108\" data-end=\"142\"><strong data-start=\"112\" data-end=\"142\">Baron afretters\u00e6t til leje<\/strong><\/h3>\n<p data-start=\"144\" data-end=\"362\">Skal du have lavet et perfekt plant underlag til fliser, bel\u00e6gning eller st\u00f8bning? Med dette professionelle Baron afretters\u00e6t f\u00e5r du et effektivt og pr\u00e6cist v\u00e6rkt\u00f8j, der sikrer et ensartet og flot resultat \u2013 hver gang.<\/p>\n<h4 data-start=\"406\" data-end=\"445\"><strong data-start=\"411\" data-end=\"445\">Fordele ved Baron afretters\u00e6t:<\/strong><\/h4>\n<ul data-start=\"446\" data-end=\"691\">\n<li data-section-id=\"bq3ts6\" data-start=\"446\" data-end=\"488\">\n<p data-start=\"448\" data-end=\"488\">\u2714 Giver en helt j\u00e6vn og plan overflade<\/p>\n<\/li>\n<li data-section-id=\"otmztq\" data-start=\"489\" data-end=\"544\">\n<p data-start=\"491\" data-end=\"544\">\u2714 Hurtigere og nemmere afretning af sand eller grus<\/p>\n<\/li>\n<li data-section-id=\"1qrxayv\" data-start=\"545\" data-end=\"595\">\n<p data-start=\"547\" data-end=\"595\">\u2714 Professionel kvalitet \u2013 robust og slidst\u00e6rkt<\/p>\n<\/li>\n<li data-section-id=\"4ogh98\" data-start=\"596\" data-end=\"637\">\n<p data-start=\"598\" data-end=\"637\">\u2714 Justerbare skinner for pr\u00e6cis h\u00f8jde<\/p>\n<\/li>\n<li data-section-id=\"1rtiq3u\" data-start=\"638\" data-end=\"691\">\n<p data-start=\"640\" data-end=\"691\">\u2714 Perfekt til b\u00e5de g\u00f8r-det-selv og professionelle<\/p>\n<\/li>\n<\/ul>\n<h4 data-start=\"693\" data-end=\"713\"><strong data-start=\"698\" data-end=\"713\">Anvendelse:<\/strong><\/h4>\n<p data-start=\"714\" data-end=\"881\">Afretters\u00e6ttet bruges til at forberede underlag f\u00f8r l\u00e6gning af fliser, sten eller bel\u00e6gning. Det sikrer korrekt niveau og sparer tid sammenlignet med manuel afretning.<\/p>\n<p>&nbsp;<\/p>\n","protected":false},"excerpt":{"rendered":"<p>Baron afretters\u00e6t til leje Skal du have lavet et perfekt plant underlag til fliser, bel\u00e6gning eller st\u00f8bning? Med dette professionelle Baron afretters\u00e6t f\u00e5r du et effektivt og pr\u00e6cist v\u00e6rkt\u00f8j, der sikrer et ensartet og flot resultat \u2013 hver gang. Fordele ved Baron afretters\u00e6t: \u2714 Giver en helt j\u00e6vn og plan overflade \u2714 Hurtigere og nemmere [&hellip;]<\/p>\n","protected":false},"featured_media":171,"template":"","meta":[],"product_brand":[],"product_cat":[32],"product_tag":[],"class_list":{"0":"post-163","1":"product","2":"type-product","3":"status-publish","4":"has-post-thumbnail","6":"product_cat-brolaegning","8":"first","9":"instock","10":"taxable","11":"shipping-taxable","12":"purchasable","13":"product-type-redq_rental"},"_links":{"self":[{"href":"https:\/\/clk-udlejning.dk\/index.php\/wp-json\/wp\/v2\/product\/163","targetHints":{"allow":["GET"]}}],"collection":[{"href":"https:\/\/clk-udlejning.dk\/index.php\/wp-json\/wp\/v2\/product"}],"about":[{"href":"https:\/\/clk-udlejning.dk\/index.php\/wp-json\/wp\/v2\/types\/product"}],"wp:featuredmedia":[{"embeddable":true,"href":"https:\/\/clk-udlejning.dk\/index.php\/wp-json\/wp\/v2\/media\/171"}],"wp:attachment":[{"href":"https:\/\/clk-udlejning.dk\/index.php\/wp-json\/wp\/v2\/media?parent=163"}],"wp:term":[{"taxonomy":"product_brand","embeddable":true,"href":"https:\/\/clk-udlejning.dk\/index.php\/wp-json\/wp\/v2\/product_brand?post=163"},{"taxonomy":"product_cat","embeddable":true,"href":"https:\/\/clk-udlejning.dk\/index.php\/wp-json\/wp\/v2\/product_cat?post=163"},{"taxonomy":"product_tag","embeddable":true,"href":"https:\/\/clk-udlejning.dk\/index.php\/wp-json\/wp\/v2\/product_tag?post=163"}],"curies":[{"name":"wp","href":"https:\/\/api.w.org\/{rel}","templated":true}]}}