{"id":174,"date":"2026-03-18T12:17:31","date_gmt":"2026-03-18T11:17:31","guid":{"rendered":"https:\/\/clk-udlejning.dk\/?post_type=product&#038;p=174"},"modified":"2026-03-22T18:53:56","modified_gmt":"2026-03-22T17:53:56","slug":"minilaesser-giant-g2500-hd","status":"publish","type":"product","link":"https:\/\/clk-udlejning.dk\/index.php\/vare\/minilaesser-giant-g2500-hd\/","title":{"rendered":"Minil\u00e6sser Giant G2500 HD"},"content":{"rendered":"<h3 data-section-id=\"10iyh1h\" data-start=\"73\" data-end=\"117\"><strong data-start=\"77\" data-end=\"117\">Minil\u00e6sser \u2013 Giant G2500 HD til leje<\/strong><\/h3>\n<p data-start=\"119\" data-end=\"385\">Har du brug for en kompakt, st\u00e6rk og alsidig maskine til bygge- eller haveprojekter? <span class=\"hover:entity-accent entity-underline inline cursor-pointer align-baseline\"><span class=\"whitespace-normal\">Giant G2500 HD<\/span><\/span> er en kraftfuld minil\u00e6sser, der kombinerer h\u00f8j l\u00f8ftekapacitet med smidig man\u00f8vredygtighed \u2013 perfekt til b\u00e5de professionelle og private opgaver.<\/p>\n<h4 data-start=\"429\" data-end=\"465\"><strong data-start=\"434\" data-end=\"465\">Fordele ved Giant G2500 HD:<\/strong><\/h4>\n<ul data-start=\"466\" data-end=\"686\">\n<li data-section-id=\"e2y4so\" data-start=\"466\" data-end=\"501\">\n<p data-start=\"468\" data-end=\"501\">\u2714 Kraftig og driftssikker motor<\/p>\n<\/li>\n<li data-section-id=\"b4eqb\" data-start=\"502\" data-end=\"551\">\n<p data-start=\"504\" data-end=\"551\">\u2714 H\u00f8j l\u00f8ftekapacitet i forhold til st\u00f8rrelsen<\/p>\n<\/li>\n<li data-section-id=\"1hlgl0n\" data-start=\"552\" data-end=\"599\">\n<p data-start=\"554\" data-end=\"599\">\u2714 Kompakt design \u2013 ideel til trange omr\u00e5der<\/p>\n<\/li>\n<li data-section-id=\"11aus9h\" data-start=\"600\" data-end=\"640\">\n<p data-start=\"602\" data-end=\"640\">\u2714 Nem betjening med god f\u00f8rerkomfort<\/p>\n<\/li>\n<li data-section-id=\"j131h0\" data-start=\"641\" data-end=\"686\">\n<p data-start=\"643\" data-end=\"686\">\u2714 Alsidig maskine til mange typer opgaver<\/p>\n<\/li>\n<\/ul>\n<h4 data-start=\"688\" data-end=\"715\"><strong data-start=\"693\" data-end=\"715\">Medf\u00f8lger i lejen:<\/strong><\/h4>\n<ul data-start=\"716\" data-end=\"745\">\n<li data-section-id=\"nymy5t\" data-start=\"716\" data-end=\"727\">\n<p data-start=\"718\" data-end=\"727\">\u2714 Skovl<\/p>\n<\/li>\n<li data-section-id=\"36jhbn\" data-start=\"728\" data-end=\"745\">\n<p data-start=\"730\" data-end=\"745\">\u2714 Pallegafler<\/p>\n<\/li>\n<\/ul>\n<h4 data-start=\"747\" data-end=\"767\"><strong data-start=\"752\" data-end=\"767\">Anvendelse:<\/strong><\/h4>\n<p data-start=\"768\" data-end=\"936\">Minil\u00e6sseren er perfekt til h\u00e5ndtering af materialer som jord, sand, grus og byggematerialer. Den kan ogs\u00e5 bruges til planering, oprydning og transport p\u00e5 byggepladser.<\/p>\n","protected":false},"excerpt":{"rendered":"<p>Minil\u00e6sser \u2013 Giant G2500 HD til leje Har du brug for en kompakt, st\u00e6rk og alsidig maskine til bygge- eller haveprojekter? Giant G2500 HD er en kraftfuld minil\u00e6sser, der kombinerer h\u00f8j l\u00f8ftekapacitet med smidig man\u00f8vredygtighed \u2013 perfekt til b\u00e5de professionelle og private opgaver. Fordele ved Giant G2500 HD: \u2714 Kraftig og driftssikker motor \u2714 H\u00f8j [&hellip;]<\/p>\n","protected":false},"featured_media":167,"template":"","meta":[],"product_brand":[],"product_cat":[35],"product_tag":[],"class_list":{"0":"post-174","1":"product","2":"type-product","3":"status-publish","4":"has-post-thumbnail","6":"product_cat-laessemaskiner","8":"first","9":"instock","10":"taxable","11":"shipping-taxable","12":"purchasable","13":"product-type-redq_rental"},"_links":{"self":[{"href":"https:\/\/clk-udlejning.dk\/index.php\/wp-json\/wp\/v2\/product\/174","targetHints":{"allow":["GET"]}}],"collection":[{"href":"https:\/\/clk-udlejning.dk\/index.php\/wp-json\/wp\/v2\/product"}],"about":[{"href":"https:\/\/clk-udlejning.dk\/index.php\/wp-json\/wp\/v2\/types\/product"}],"wp:featuredmedia":[{"embeddable":true,"href":"https:\/\/clk-udlejning.dk\/index.php\/wp-json\/wp\/v2\/media\/167"}],"wp:attachment":[{"href":"https:\/\/clk-udlejning.dk\/index.php\/wp-json\/wp\/v2\/media?parent=174"}],"wp:term":[{"taxonomy":"product_brand","embeddable":true,"href":"https:\/\/clk-udlejning.dk\/index.php\/wp-json\/wp\/v2\/product_brand?post=174"},{"taxonomy":"product_cat","embeddable":true,"href":"https:\/\/clk-udlejning.dk\/index.php\/wp-json\/wp\/v2\/product_cat?post=174"},{"taxonomy":"product_tag","embeddable":true,"href":"https:\/\/clk-udlejning.dk\/index.php\/wp-json\/wp\/v2\/product_tag?post=174"}],"curies":[{"name":"wp","href":"https:\/\/api.w.org\/{rel}","templated":true}]}}