{"id":177,"date":"2026-03-18T12:24:24","date_gmt":"2026-03-18T11:24:24","guid":{"rendered":"https:\/\/clk-udlejning.dk\/?post_type=product&#038;p=177"},"modified":"2026-03-22T18:53:30","modified_gmt":"2026-03-22T17:53:30","slug":"pladevibrator","status":"publish","type":"product","link":"https:\/\/clk-udlejning.dk\/index.php\/vare\/pladevibrator\/","title":{"rendered":"Pladevibrator"},"content":{"rendered":"<h3 data-section-id=\"179i61y\" data-start=\"88\" data-end=\"131\"><strong data-start=\"92\" data-end=\"131\">Pladevibrator \u2013 Swepac F82 til leje<\/strong><\/h3>\n<p data-start=\"133\" data-end=\"363\">Skal du komprimere sand, grus eller bel\u00e6gning stabilt og effektivt? Swepac F82 pladevibrator er en driftssikker og kraftfuld pladevibrator, der sikrer et fast og j\u00e6vnt underlag \u2013 perfekt til b\u00e5de private og professionelle opgaver.<\/p>\n<h4 data-start=\"407\" data-end=\"439\"><strong data-start=\"412\" data-end=\"439\">Fordele ved Swepac F82:<\/strong><\/h4>\n<ul data-start=\"440\" data-end=\"674\">\n<li data-section-id=\"1dfdqbk\" data-start=\"440\" data-end=\"483\">\n<p data-start=\"442\" data-end=\"483\">\u2714 Effektiv komprimering af sand og grus<\/p>\n<\/li>\n<li data-section-id=\"1bsihqy\" data-start=\"484\" data-end=\"521\">\n<p data-start=\"486\" data-end=\"521\">\u2714 Stabil og driftssikker kvalitet<\/p>\n<\/li>\n<li data-section-id=\"e10oqr\" data-start=\"522\" data-end=\"561\">\n<p data-start=\"524\" data-end=\"561\">\u2714 Nem at betjene \u2013 ogs\u00e5 for private<\/p>\n<\/li>\n<li data-section-id=\"12yhpss\" data-start=\"562\" data-end=\"624\">\n<p data-start=\"564\" data-end=\"624\">\u2714 Kompakt design \u2013 ideel til mindre og mellemstore opgaver<\/p>\n<\/li>\n<li data-section-id=\"pry38x\" data-start=\"625\" data-end=\"674\">\n<p data-start=\"627\" data-end=\"674\">\u2714 Lav vibration i h\u00e5ndtaget for bedre komfort<\/p>\n<h4 data-start=\"676\" data-end=\"696\"><strong data-start=\"681\" data-end=\"696\">Anvendelse:<\/strong><\/h4>\n<p data-start=\"697\" data-end=\"843\">Pladevibratoren bruges til komprimering af underlag f\u00f8r og efter l\u00e6gning af fliser og bel\u00e6gningssten, s\u00e5 du opn\u00e5r et stabilt og holdbart resultat.<\/p>\n<h4 data-start=\"845\" data-end=\"867\"><strong data-start=\"850\" data-end=\"867\"><br \/>\nVelegnet til:<\/strong><\/h4>\n<ul data-start=\"868\" data-end=\"1000\">\n<li data-section-id=\"o7psrz\" data-start=\"868\" data-end=\"900\">\n<p data-start=\"870\" data-end=\"900\">Flise- og brol\u00e6gningsopgaver<\/p>\n<\/li>\n<li data-section-id=\"1h6m7pp\" data-start=\"901\" data-end=\"928\">\n<p data-start=\"903\" data-end=\"928\">Terrasser og indk\u00f8rsler<\/p>\n<\/li>\n<li data-section-id=\"1n28049\" data-start=\"929\" data-end=\"955\">\n<p data-start=\"931\" data-end=\"955\">Have- og anl\u00e6gsarbejde<\/p>\n<\/li>\n<li data-section-id=\"5gy2oa\" data-start=\"956\" data-end=\"1000\">\n<p data-start=\"958\" data-end=\"1000\">Komprimering af sand, grus og stabilgrus<\/p>\n<\/li>\n<\/ul>\n<p data-start=\"627\" data-end=\"674\">\n<\/li>\n<\/ul>\n","protected":false},"excerpt":{"rendered":"<p>Pladevibrator \u2013 Swepac F82 til leje Skal du komprimere sand, grus eller bel\u00e6gning stabilt og effektivt? Swepac F82 pladevibrator er en driftssikker og kraftfuld pladevibrator, der sikrer et fast og j\u00e6vnt underlag \u2013 perfekt til b\u00e5de private og professionelle opgaver. Fordele ved Swepac F82: \u2714 Effektiv komprimering af sand og grus \u2714 Stabil og driftssikker [&hellip;]<\/p>\n","protected":false},"featured_media":169,"template":"","meta":[],"product_brand":[],"product_cat":[32],"product_tag":[],"class_list":{"0":"post-177","1":"product","2":"type-product","3":"status-publish","4":"has-post-thumbnail","6":"product_cat-brolaegning","8":"first","9":"instock","10":"taxable","11":"shipping-taxable","12":"purchasable","13":"product-type-redq_rental"},"_links":{"self":[{"href":"https:\/\/clk-udlejning.dk\/index.php\/wp-json\/wp\/v2\/product\/177","targetHints":{"allow":["GET"]}}],"collection":[{"href":"https:\/\/clk-udlejning.dk\/index.php\/wp-json\/wp\/v2\/product"}],"about":[{"href":"https:\/\/clk-udlejning.dk\/index.php\/wp-json\/wp\/v2\/types\/product"}],"wp:featuredmedia":[{"embeddable":true,"href":"https:\/\/clk-udlejning.dk\/index.php\/wp-json\/wp\/v2\/media\/169"}],"wp:attachment":[{"href":"https:\/\/clk-udlejning.dk\/index.php\/wp-json\/wp\/v2\/media?parent=177"}],"wp:term":[{"taxonomy":"product_brand","embeddable":true,"href":"https:\/\/clk-udlejning.dk\/index.php\/wp-json\/wp\/v2\/product_brand?post=177"},{"taxonomy":"product_cat","embeddable":true,"href":"https:\/\/clk-udlejning.dk\/index.php\/wp-json\/wp\/v2\/product_cat?post=177"},{"taxonomy":"product_tag","embeddable":true,"href":"https:\/\/clk-udlejning.dk\/index.php\/wp-json\/wp\/v2\/product_tag?post=177"}],"curies":[{"name":"wp","href":"https:\/\/api.w.org\/{rel}","templated":true}]}}