{"id":178,"date":"2026-03-18T12:28:03","date_gmt":"2026-03-18T11:28:03","guid":{"rendered":"https:\/\/clk-udlejning.dk\/?post_type=product&#038;p=178"},"modified":"2026-03-22T18:53:16","modified_gmt":"2026-03-22T17:53:16","slug":"motorboere-500kg","status":"publish","type":"product","link":"https:\/\/clk-udlejning.dk\/index.php\/vare\/motorboere-500kg\/","title":{"rendered":"Motorb\u00f8re 500kg"},"content":{"rendered":"<h3 data-section-id=\"1eeiyoe\" data-start=\"84\" data-end=\"122\"><strong data-start=\"88\" data-end=\"122\">Motorb\u00f8re med selvl\u00e6s til leje<\/strong><\/h3>\n<p data-start=\"124\" data-end=\"356\">Skal du flytte jord, grus eller materialer nemt og effektivt \u2013 uden at slide kroppen op? Denne motorb\u00f8re med selvl\u00e6s er et st\u00e6rkt hj\u00e6lpemiddel til b\u00e5de haveprojekter og byggeopgaver, hvor der skal flyttes materialer hurtigt og nemt.<\/p>\n<h4 data-start=\"400\" data-end=\"432\"><strong data-start=\"405\" data-end=\"432\">Fordele ved motorb\u00f8ren:<\/strong><\/h4>\n<ul data-start=\"433\" data-end=\"680\">\n<li data-section-id=\"qqsb4f\" data-start=\"433\" data-end=\"479\">\n<p data-start=\"435\" data-end=\"479\">\u2714 Selvl\u00e6sserfunktion \u2013 spar tid og kr\u00e6fter<\/p>\n<\/li>\n<li data-section-id=\"11tz3k7\" data-start=\"480\" data-end=\"534\">\n<p data-start=\"482\" data-end=\"534\">\u2714 H\u00f8jtip \u2013 nem afl\u00e6sning i container eller trailer<\/p>\n<\/li>\n<li data-section-id=\"1vcs1kc\" data-start=\"535\" data-end=\"579\">\n<p data-start=\"537\" data-end=\"579\">\u2714 Almindelig tipfunktion til daglig brug<\/p>\n<\/li>\n<li data-section-id=\"f8xbbe\" data-start=\"580\" data-end=\"633\">\n<p data-start=\"582\" data-end=\"633\">\u2714 Kompakt og st\u00e6rk \u2013 kommer frem de fleste steder<\/p>\n<\/li>\n<li data-section-id=\"ev76uh\" data-start=\"634\" data-end=\"680\">\n<p data-start=\"636\" data-end=\"680\">\u2714 Ideel til b\u00e5de private og professionelle<\/p>\n<\/li>\n<\/ul>\n<h4 data-start=\"682\" data-end=\"707\"><strong data-start=\"687\" data-end=\"707\">Vigtigt at vide:<\/strong><\/h4>\n<ul data-start=\"708\" data-end=\"854\">\n<li data-section-id=\"1ftaeev\" data-start=\"708\" data-end=\"758\">\n<p data-start=\"710\" data-end=\"758\">Maskinen er ikke den hurtigste frem og tilbage<\/p>\n<\/li>\n<li data-section-id=\"1gkt2j8\" data-start=\"759\" data-end=\"854\">\n<p data-start=\"761\" data-end=\"854\">Til geng\u00e6ld f\u00e5r du en stabil og kraftfuld l\u00f8sning, der klarer arbejdet effektivt og sikkert<\/p>\n<\/li>\n<\/ul>\n<h4 data-start=\"856\" data-end=\"876\"><strong data-start=\"861\" data-end=\"876\">Anvendelse:<\/strong><\/h4>\n<p data-start=\"877\" data-end=\"1033\">Motorb\u00f8ren er perfekt til transport af jord, sand, grus, fliser og affald \u2013 is\u00e6r hvor adgangsforholdene er trange, eller hvor manuel transport er besv\u00e6rlig.<\/p>\n","protected":false},"excerpt":{"rendered":"<p>Motorb\u00f8re med selvl\u00e6s til leje Skal du flytte jord, grus eller materialer nemt og effektivt \u2013 uden at slide kroppen op? Denne motorb\u00f8re med selvl\u00e6s er et st\u00e6rkt hj\u00e6lpemiddel til b\u00e5de haveprojekter og byggeopgaver, hvor der skal flyttes materialer hurtigt og nemt. Fordele ved motorb\u00f8ren: \u2714 Selvl\u00e6sserfunktion \u2013 spar tid og kr\u00e6fter \u2714 H\u00f8jtip \u2013 [&hellip;]<\/p>\n","protected":false},"featured_media":168,"template":"","meta":[],"product_brand":[],"product_cat":[36],"product_tag":[],"class_list":{"0":"post-178","1":"product","2":"type-product","3":"status-publish","4":"has-post-thumbnail","6":"product_cat-dumper","8":"first","9":"instock","10":"taxable","11":"shipping-taxable","12":"purchasable","13":"product-type-redq_rental"},"_links":{"self":[{"href":"https:\/\/clk-udlejning.dk\/index.php\/wp-json\/wp\/v2\/product\/178","targetHints":{"allow":["GET"]}}],"collection":[{"href":"https:\/\/clk-udlejning.dk\/index.php\/wp-json\/wp\/v2\/product"}],"about":[{"href":"https:\/\/clk-udlejning.dk\/index.php\/wp-json\/wp\/v2\/types\/product"}],"wp:featuredmedia":[{"embeddable":true,"href":"https:\/\/clk-udlejning.dk\/index.php\/wp-json\/wp\/v2\/media\/168"}],"wp:attachment":[{"href":"https:\/\/clk-udlejning.dk\/index.php\/wp-json\/wp\/v2\/media?parent=178"}],"wp:term":[{"taxonomy":"product_brand","embeddable":true,"href":"https:\/\/clk-udlejning.dk\/index.php\/wp-json\/wp\/v2\/product_brand?post=178"},{"taxonomy":"product_cat","embeddable":true,"href":"https:\/\/clk-udlejning.dk\/index.php\/wp-json\/wp\/v2\/product_cat?post=178"},{"taxonomy":"product_tag","embeddable":true,"href":"https:\/\/clk-udlejning.dk\/index.php\/wp-json\/wp\/v2\/product_tag?post=178"}],"curies":[{"name":"wp","href":"https:\/\/api.w.org\/{rel}","templated":true}]}}